{"id":1138,"date":"2026-02-20T17:20:10","date_gmt":"2026-02-20T17:20:10","guid":{"rendered":"https:\/\/sgt.inf.br\/?page_id=1138"},"modified":"2026-04-05T12:27:27","modified_gmt":"2026-04-05T12:27:27","slug":"sobre-nos","status":"publish","type":"page","link":"https:\/\/sgt.inf.br\/?page_id=1138","title":{"rendered":"Sobre nos"},"content":{"rendered":"\t\t<div data-elementor-type=\"wp-page\" data-elementor-id=\"1138\" class=\"elementor elementor-1138\">\n\t\t\t\t<div class=\"elementor-element elementor-element-8624fd0 e-flex e-con-boxed e-con e-parent\" data-id=\"8624fd0\" data-element_type=\"container\">\n\t\t\t\t\t<div class=\"e-con-inner\">\n\t\t\t\t<div class=\"elementor-element elementor-element-23adf54c elementor-widget elementor-widget-text-editor\" data-id=\"23adf54c\" data-element_type=\"widget\" data-widget_type=\"text-editor.default\">\n\t\t\t\t\t\t\t\t\t\n<ul class=\"wp-block-list\"><\/ul>\n<h2 data-section-id=\"1vudw4w\" data-start=\"666\" data-end=\"687\">\ud83e\uddfe Sobre a empresa<\/h2>\n<ul data-start=\"688\" data-end=\"892\">\n<li data-section-id=\"6528mj\" data-start=\"688\" data-end=\"706\">Aberta em 2008<\/li>\n<li data-section-id=\"sic9hv\" data-start=\"707\" data-end=\"808\">Neg\u00f3cio familiar (n\u00e3o tem rela\u00e7\u00e3o com a atriz Juliana Paes)<\/li>\n<li data-section-id=\"1wn19kk\" data-start=\"809\" data-end=\"892\">Produ\u00e7\u00e3o pr\u00f3pria de padaria e confeitaria<br \/><br \/>\n<h2 data-section-id=\"1qxn5ck\" data-start=\"397\" data-end=\"425\">\ud83c\udf70 O que voc\u00ea encontra l\u00e1<\/h2>\n<ul data-start=\"426\" data-end=\"578\">\n<li data-section-id=\"1jc9v79\" data-start=\"426\" data-end=\"464\">Bolos confeitados e de anivers\u00e1rio<\/li>\n<li data-section-id=\"pp2xrr\" data-start=\"465\" data-end=\"486\">Docinhos de festa<\/li>\n<li data-section-id=\"5loa82\" data-start=\"487\" data-end=\"510\">Tortas e sobremesas<\/li>\n<li data-section-id=\"1q46efz\" data-start=\"511\" data-end=\"554\">Salgados (coxinha, p\u00e3o de queijo, etc.)<\/li>\n<li data-section-id=\"149tulz\" data-start=\"555\" data-end=\"578\">P\u00e3es frescos do dia<\/li>\n<\/ul>\n<p data-start=\"580\" data-end=\"659\">\ud83d\udc49 \u00c9 uma padaria completa \u2014 d\u00e1 tanto pra tomar caf\u00e9 quanto pra encomendar doce.<\/p>\n<\/li>\n<\/ul>\n\t\t\t\t\t\t\t\t<\/div>\n\t\t\t\t\t<\/div>\n\t\t\t\t<\/div>\n\t\t\t\t<\/div>\n\t\t","protected":false},"excerpt":{"rendered":"","protected":false},"author":1,"featured_media":0,"parent":0,"menu_order":0,"comment_status":"closed","ping_status":"closed","template":"","meta":{"footnotes":""},"class_list":["post-1138","page","type-page","status-publish","hentry"],"_links":{"self":[{"href":"https:\/\/sgt.inf.br\/index.php?rest_route=\/wp\/v2\/pages\/1138","targetHints":{"allow":["GET"]}}],"collection":[{"href":"https:\/\/sgt.inf.br\/index.php?rest_route=\/wp\/v2\/pages"}],"about":[{"href":"https:\/\/sgt.inf.br\/index.php?rest_route=\/wp\/v2\/types\/page"}],"author":[{"embeddable":true,"href":"https:\/\/sgt.inf.br\/index.php?rest_route=\/wp\/v2\/users\/1"}],"replies":[{"embeddable":true,"href":"https:\/\/sgt.inf.br\/index.php?rest_route=%2Fwp%2Fv2%2Fcomments&post=1138"}],"version-history":[{"count":4,"href":"https:\/\/sgt.inf.br\/index.php?rest_route=\/wp\/v2\/pages\/1138\/revisions"}],"predecessor-version":[{"id":1651,"href":"https:\/\/sgt.inf.br\/index.php?rest_route=\/wp\/v2\/pages\/1138\/revisions\/1651"}],"wp:attachment":[{"href":"https:\/\/sgt.inf.br\/index.php?rest_route=%2Fwp%2Fv2%2Fmedia&parent=1138"}],"curies":[{"name":"wp","href":"https:\/\/api.w.org\/{rel}","templated":true}]}}